{"id":139,"date":"2022-12-05T03:02:52","date_gmt":"2022-12-05T03:02:52","guid":{"rendered":"https:\/\/menuderiajalisco.com\/?page_id=139"},"modified":"2025-02-21T19:45:54","modified_gmt":"2025-02-21T19:45:54","slug":"nosotros-2","status":"publish","type":"page","link":"https:\/\/menuderiajalisco.com\/index.php\/nosotros-2\/","title":{"rendered":"NOSOTROS"},"content":{"rendered":"<p>[et_pb_section fb_built=\u00bb1&#8243; admin_label=\u00bbHeader\u00bb _builder_version=\u00bb4.19.1&#8243; _module_preset=\u00bbdefault\u00bb background_image=\u00bbhttps:\/\/menuderiajalisco.com\/wp-content\/uploads\/2022\/11\/NOSOTROS.jpg\u00bb background_position=\u00bbcenter_left\u00bb custom_padding=\u00bb||0px|||\u00bb locked=\u00bboff\u00bb global_colors_info=\u00bb{}\u00bb][et_pb_row _builder_version=\u00bb4.16&#8243; _module_preset=\u00bbdefault\u00bb custom_padding=\u00bb||121px|||\u00bb global_colors_info=\u00bb{}\u00bb][et_pb_column type=\u00bb4_4&#8243; _builder_version=\u00bb4.16&#8243; _module_preset=\u00bbdefault\u00bb global_colors_info=\u00bb{}\u00bb][\/et_pb_column][\/et_pb_row][\/et_pb_section][et_pb_section fb_built=\u00bb1&#8243; admin_label=\u00bbMission\u00bb _builder_version=\u00bb4.16&#8243; _module_preset=\u00bbdefault\u00bb global_colors_info=\u00bb{}\u00bb][et_pb_row column_structure=\u00bb1_2,1_2&#8243; _builder_version=\u00bb4.16&#8243; _module_preset=\u00bbdefault\u00bb global_colors_info=\u00bb{}\u00bb custom_padding=\u00bb||0px|||\u00bb][et_pb_column type=\u00bb1_2&#8243; _builder_version=\u00bb4.16&#8243; _module_preset=\u00bbdefault\u00bb global_colors_info=\u00bb{}\u00bb][et_pb_text _builder_version=\u00bb4.19.1&#8243; _module_preset=\u00bbdefault\u00bb text_font=\u00bb|700|||||||\u00bb text_text_color=\u00bb#efece4&#8243; text_font_size=\u00bb40px\u00bb text_line_height=\u00bb1.6em\u00bb animation_style=\u00bbfade\u00bb text_font_size_tablet=\u00bb30px\u00bb text_font_size_phone=\u00bb\u00bb text_font_size_last_edited=\u00bbon|phone\u00bb global_colors_info=\u00bb{}\u00bb]<\/p>\n<p><span style=\"color: #cb5f26;\">DESDE 1996<\/span><\/p>\n<p>[\/et_pb_text][et_pb_text _builder_version=\u00bb4.19.1&#8243; _module_preset=\u00bbdefault\u00bb text_font_size=\u00bb16px\u00bb text_line_height=\u00bb2em\u00bb header_3_font=\u00bb|700|||||||\u00bb header_3_font_size=\u00bb20px\u00bb header_3_line_height=\u00bb1.4em\u00bb animation_style=\u00bbfade\u00bb animation_delay=\u00bb50ms\u00bb animation_starting_opacity=\u00bb3%\u00bb text_font_size_tablet=\u00bb14px\u00bb text_font_size_phone=\u00bb\u00bb text_font_size_last_edited=\u00bbon|phone\u00bb header_3_font_size_tablet=\u00bb16px\u00bb header_3_font_size_phone=\u00bb\u00bb header_3_font_size_last_edited=\u00bbon|phone\u00bb global_colors_info=\u00bb{}\u00bb]<\/p>\n<h3 style=\"text-align: justify;\"><span style=\"color: #000000;\"><span style=\"font-size: 16px; font-weight: 500;\">Nace <\/span><strong style=\"font-size: 16px;\">\u00a8Menuder\u00eda Jalisco\u00a8<\/strong><span style=\"font-size: 16px; font-weight: 500;\"> ofreciendo un delicioso saz\u00f3n en su menudo siendo nuestro platillo principal. Despu\u00e9s de 24 a\u00f1os el men\u00fa cuenta con una variedad de <\/span><strong style=\"font-size: 16px;\">platillos y antojitos mexicanos<\/strong><span style=\"font-size: 16px; font-weight: 500;\">.<\/span><\/span><\/h3>\n<p style=\"text-align: justify;\"><span style=\"color: #000000;\">Destacamos por tener un <strong>gran saz\u00f3n<\/strong>, preparados todo al momento para llevarlos a tu mesa.\u00a0 Buscamos siempre brindarte la <strong>mejor experiencia<\/strong> en cada una de tus visitas.<\/span><span style=\"font-size: 16px; color: #666666; font-weight: 500;\"><\/span><\/p>\n<p><span style=\"font-size: 16px; color: #666666; font-weight: 500;\"><\/span><\/p>\n<p>[\/et_pb_text][\/et_pb_column][et_pb_column type=\u00bb1_2&#8243; _builder_version=\u00bb4.16&#8243; _module_preset=\u00bbdefault\u00bb global_colors_info=\u00bb{}\u00bb][et_pb_text _builder_version=\u00bb4.19.1&#8243; _module_preset=\u00bbdefault\u00bb text_font_size=\u00bb16px\u00bb text_line_height=\u00bb2em\u00bb animation_style=\u00bbfade\u00bb animation_delay=\u00bb50ms\u00bb animation_starting_opacity=\u00bb3%\u00bb text_font_size_tablet=\u00bb14px\u00bb text_font_size_phone=\u00bb\u00bb text_font_size_last_edited=\u00bbon|phone\u00bb locked=\u00bboff\u00bb global_colors_info=\u00bb{}\u00bb]<\/p>\n<p style=\"text-align: justify;\"><span style=\"font-size: 16px; color: #000000;\">Actualmente contamos con <\/span><strong style=\"font-size: 16px; color: #000000;\">6 sucursales dentro de Toluca, Metepec y sus alrededores<\/strong><span style=\"font-size: 16px; color: #000000;\">, expandiendo el saz\u00f3n de Menuder\u00eda Jalisco y as\u00ed puedas <\/span><strong style=\"font-size: 16px; color: #000000;\">disfrutar de las delicias mexicanas<\/strong><span style=\"font-size: 16px; color: #000000;\"> que tenemos para ti con precios accesibles.\u00a0<\/span><span style=\"color: #000000;\"><\/span><\/p>\n<p><span style=\"font-size: 16px; color: #000000;\"><\/span><\/p>\n<h2 style=\"text-align: center;\"><em><span style=\"color: #cb5f26;\"><strong>24 a\u00f1os llevando el mejor menudo <\/strong><\/span><\/em><\/h2>\n<h2 style=\"text-align: center;\"><em><span style=\"color: #cb5f26;\"><strong>de la regi\u00f3n a tu mesa.<\/strong><\/span><\/em><\/h2>\n<p><span style=\"color: #000000;\"><\/span><\/p>\n<p><span style=\"color: #000000;\"><\/span><\/p>\n<p><span style=\"color: #000000;\"><\/span><\/p>\n<p><span style=\"color: #000000;\"><\/span><\/p>\n<p><span style=\"color: #000000;\"><\/span><\/p>\n<p>&nbsp;<\/p>\n<p>&nbsp;<\/p>\n<p>&nbsp;<\/p>\n<p>[\/et_pb_text][\/et_pb_column][\/et_pb_row][\/et_pb_section][et_pb_section fb_built=\u00bb1&#8243; use_custom_gutter=\u00bbon\u00bb gutter_width=\u00bb1&#8243; specialty=\u00bbon\u00bb _builder_version=\u00bb4.16&#8243; _module_preset=\u00bbdefault\u00bb global_colors_info=\u00bb{}\u00bb custom_padding=\u00bb0px|||||\u00bb][et_pb_column type=\u00bb3_4&#8243; specialty_columns=\u00bb3&#8243; _builder_version=\u00bb4.16&#8243; custom_padding=\u00bb|||\u00bb global_colors_info=\u00bb{}\u00bb custom_padding__hover=\u00bb|||\u00bb][et_pb_row_inner column_structure=\u00bb1_3,1_3,1_3&#8243; use_custom_gutter=\u00bbon\u00bb gutter_width=\u00bb1&#8243; make_equal=\u00bbon\u00bb _builder_version=\u00bb4.16&#8243; _module_preset=\u00bbdefault\u00bb custom_padding=\u00bb||0px||false|false\u00bb global_colors_info=\u00bb{}\u00bb][et_pb_column_inner type=\u00bb1_3&#8243; saved_specialty_column_type=\u00bb3_4&#8243; _builder_version=\u00bb4.16&#8243; _module_preset=\u00bbdefault\u00bb global_colors_info=\u00bb{}\u00bb][et_pb_image src=\u00bbhttps:\/\/menuderiajalisco.com\/wp-content\/uploads\/2022\/11\/tacos-dorados.jpg\u00bb title_text=\u00bbtacos dorados\u00bb _builder_version=\u00bb4.19.1&#8243; _module_preset=\u00bbdefault\u00bb positioning=\u00bbabsolute\u00bb position_origin_a=\u00bbbottom_right\u00bb position_origin_a_tablet=\u00bb\u00bb position_origin_a_phone=\u00bb\u00bb position_origin_a_last_edited=\u00bbon|tablet\u00bb position_origin_f_tablet=\u00bb\u00bb position_origin_f_phone=\u00bb\u00bb position_origin_f_last_edited=\u00bbon|tablet\u00bb position_origin_r_tablet=\u00bb\u00bb position_origin_r_phone=\u00bb\u00bb position_origin_r_last_edited=\u00bbon|tablet\u00bb width=\u00bb100%\u00bb positioning_tablet=\u00bbrelative\u00bb positioning_phone=\u00bb\u00bb positioning_last_edited=\u00bbon|tablet\u00bb locked=\u00bboff\u00bb global_colors_info=\u00bb{}\u00bb][\/et_pb_image][\/et_pb_column_inner][et_pb_column_inner type=\u00bb1_3&#8243; saved_specialty_column_type=\u00bb3_4&#8243; _builder_version=\u00bb4.16&#8243; _module_preset=\u00bbdefault\u00bb global_colors_info=\u00bb{}\u00bb][et_pb_image src=\u00bbhttps:\/\/menuderiajalisco.com\/wp-content\/uploads\/2022\/11\/sopes.jpg\u00bb title_text=\u00bbsopes\u00bb _builder_version=\u00bb4.19.1&#8243; _module_preset=\u00bbdefault\u00bb locked=\u00bboff\u00bb global_colors_info=\u00bb{}\u00bb][\/et_pb_image][\/et_pb_column_inner][et_pb_column_inner type=\u00bb1_3&#8243; saved_specialty_column_type=\u00bb3_4&#8243; _builder_version=\u00bb4.16&#8243; _module_preset=\u00bbdefault\u00bb global_colors_info=\u00bb{}\u00bb][et_pb_image src=\u00bbhttps:\/\/menuderiajalisco.com\/wp-content\/uploads\/2022\/11\/mole.jpg\u00bb title_text=\u00bbmole\u00bb _builder_version=\u00bb4.19.1&#8243; _module_preset=\u00bbdefault\u00bb positioning=\u00bbrelative\u00bb position_origin_a=\u00bbbottom_center\u00bb width=\u00bb100%\u00bb locked=\u00bboff\u00bb global_colors_info=\u00bb{}\u00bb][\/et_pb_image][\/et_pb_column_inner][\/et_pb_row_inner][et_pb_row_inner custom_padding_last_edited=\u00bbon|phone\u00bb _builder_version=\u00bb4.16&#8243; _module_preset=\u00bbdefault\u00bb custom_padding=\u00bb0px|33.33%|0px||true|false\u00bb custom_padding_tablet=\u00bb|0%|||true|false\u00bb custom_padding_phone=\u00bb\u00bb global_colors_info=\u00bb{}\u00bb][et_pb_column_inner saved_specialty_column_type=\u00bb3_4&#8243; _builder_version=\u00bb4.16&#8243; _module_preset=\u00bbdefault\u00bb global_colors_info=\u00bb{}\u00bb][et_pb_image src=\u00bbhttps:\/\/menuderiajalisco.com\/wp-content\/uploads\/2022\/11\/quesadilla.jpg\u00bb title_text=\u00bbquesadilla\u00bb _builder_version=\u00bb4.19.1&#8243; _module_preset=\u00bbdefault\u00bb locked=\u00bboff\u00bb global_colors_info=\u00bb{}\u00bb][\/et_pb_image][\/et_pb_column_inner][\/et_pb_row_inner][\/et_pb_column][et_pb_column type=\u00bb1_4&#8243; _builder_version=\u00bb4.16&#8243; custom_padding=\u00bb|||\u00bb global_colors_info=\u00bb{}\u00bb custom_padding__hover=\u00bb|||\u00bb][et_pb_image src=\u00bbhttps:\/\/menuderiajalisco.com\/wp-content\/uploads\/2022\/11\/carne-en-su-jugo-00.jpg\u00bb title_text=\u00bbcarne en su jugo 00&#8243; _builder_version=\u00bb4.19.1&#8243; _module_preset=\u00bbdefault\u00bb locked=\u00bboff\u00bb global_colors_info=\u00bb{}\u00bb][\/et_pb_image][et_pb_image src=\u00bbhttps:\/\/menuderiajalisco.com\/wp-content\/uploads\/2022\/11\/cafe.jpg\u00bb title_text=\u00bbcaf\u00e9\u00bb _builder_version=\u00bb4.19.1&#8243; _module_preset=\u00bbdefault\u00bb custom_margin=\u00bb||||false|false\u00bb locked=\u00bboff\u00bb global_colors_info=\u00bb{}\u00bb][\/et_pb_image][\/et_pb_column][\/et_pb_section][et_pb_section fb_built=\u00bb1&#8243; specialty=\u00bbon\u00bb _builder_version=\u00bb4.27.4&#8243; _module_preset=\u00bbdefault\u00bb custom_padding=\u00bb0px||0px|||\u00bb global_colors_info=\u00bb{}\u00bb theme_builder_area=\u00bbpost_content\u00bb][et_pb_column type=\u00bb1_2&#8243; _builder_version=\u00bb4.16&#8243; custom_padding=\u00bb|||\u00bb global_colors_info=\u00bb{}\u00bb custom_padding__hover=\u00bb|||\u00bb theme_builder_area=\u00bbpost_content\u00bb][et_pb_blurb image=\u00bbhttps:\/\/menuderiajalisco.com\/wp-content\/uploads\/2022\/11\/logo-menuderia_Mesa-de-trabajo-1-2.png\u00bb content_max_width=\u00bb80%\u00bb _builder_version=\u00bb4.27.4&#8243; _module_preset=\u00bbdefault\u00bb header_font=\u00bb|700||on|||||\u00bb header_font_size=\u00bb14px\u00bb header_letter_spacing=\u00bb3px\u00bb header_line_height=\u00bb1.2em\u00bb text_orientation=\u00bbcenter\u00bb width=\u00bb80%\u00bb max_width=\u00bb80%\u00bb module_alignment=\u00bbcenter\u00bb custom_padding=\u00bb||0px|||\u00bb animation_style=\u00bbzoom\u00bb animation_delay=\u00bb50ms\u00bb animation=\u00bboff\u00bb locked=\u00bboff\u00bb global_colors_info=\u00bb{}\u00bb theme_builder_area=\u00bbpost_content\u00bb][\/et_pb_blurb][\/et_pb_column][et_pb_column type=\u00bb1_2&#8243; specialty_columns=\u00bb2&#8243; _builder_version=\u00bb4.16&#8243; custom_padding=\u00bb|||\u00bb global_colors_info=\u00bb{}\u00bb custom_padding__hover=\u00bb|||\u00bb theme_builder_area=\u00bbpost_content\u00bb][et_pb_row_inner column_structure=\u00bb1_2,1_2&#8243; _builder_version=\u00bb4.16&#8243; _module_preset=\u00bbdefault\u00bb global_colors_info=\u00bb{}\u00bb theme_builder_area=\u00bbpost_content\u00bb][et_pb_column_inner type=\u00bb1_2&#8243; saved_specialty_column_type=\u00bb1_2&#8243; _builder_version=\u00bb4.16&#8243; _module_preset=\u00bbdefault\u00bb global_colors_info=\u00bb{}\u00bb theme_builder_area=\u00bbpost_content\u00bb][et_pb_text _builder_version=\u00bb4.27.4&#8243; _module_preset=\u00bbdefault\u00bb header_4_font=\u00bb|700||on|||||\u00bb header_4_font_size=\u00bb14px\u00bb header_4_letter_spacing=\u00bb3px\u00bb header_4_line_height=\u00bb1.2em\u00bb custom_padding=\u00bb||0px|||\u00bb link_option_url=\u00bbhttps:\/\/menuderiajalisco.com\/index.php\/ubicacion-2\/\u00bb text_font_size_tablet=\u00bb14px\u00bb text_font_size_last_edited=\u00bboff|desktop\u00bb text_orientation_tablet=\u00bbcenter\u00bb text_orientation_phone=\u00bb\u00bb text_orientation_last_edited=\u00bbon|tablet\u00bb locked=\u00bboff\u00bb global_colors_info=\u00bb{}\u00bb theme_builder_area=\u00bbpost_content\u00bb]<\/p>\n<h4><span style=\"color: #cb5f26;\">SUCURSALES<\/span><\/h4>\n<p><span style=\"color: #000000;\">Ocampo &#8211; Las Torres &#8211; Morelos Parque Sierra &#8211; San Ferm\u00edn\u00a0 Zacango &#8211; Col\u00f3n<\/span><\/p>\n<p>[\/et_pb_text][\/et_pb_column_inner][et_pb_column_inner type=\u00bb1_2&#8243; saved_specialty_column_type=\u00bb1_2&#8243; _builder_version=\u00bb4.16&#8243; _module_preset=\u00bbdefault\u00bb global_colors_info=\u00bb{}\u00bb theme_builder_area=\u00bbpost_content\u00bb][et_pb_text _builder_version=\u00bb4.19.1&#8243; _module_preset=\u00bbdefault\u00bb header_4_font=\u00bb|700||on|||||\u00bb header_4_font_size=\u00bb14px\u00bb header_4_letter_spacing=\u00bb3px\u00bb header_4_line_height=\u00bb1.2em\u00bb custom_margin=\u00bb||0px||false|false\u00bb text_font_size_tablet=\u00bb14px\u00bb text_font_size_phone=\u00bb\u00bb text_font_size_last_edited=\u00bbon|tablet\u00bb text_orientation_tablet=\u00bbcenter\u00bb text_orientation_phone=\u00bb\u00bb text_orientation_last_edited=\u00bbon|tablet\u00bb locked=\u00bboff\u00bb global_colors_info=\u00bb{}\u00bb theme_builder_area=\u00bbpost_content\u00bb]<\/p>\n<h4><span style=\"color: #cb5f26;\">S\u00cdGUENOS EN<\/span><\/h4>\n<p>[\/et_pb_text][et_pb_social_media_follow icon_color=\u00bb#000000&#8243; _builder_version=\u00bb4.19.1&#8243; text_orientation=\u00bbleft\u00bb custom_margin_last_edited=\u00bboff|desktop\u00bb text_orientation_tablet=\u00bbcenter\u00bb text_orientation_phone=\u00bb\u00bb text_orientation_last_edited=\u00bbon|tablet\u00bb locked=\u00bboff\u00bb global_colors_info=\u00bb{}\u00bb custom_padding__hover_enabled=\u00bboff|desktop\u00bb theme_builder_area=\u00bbpost_content\u00bb][et_pb_social_media_follow_network social_network=\u00bbfacebook\u00bb url=\u00bbhttps:\/\/www.facebook.com\/pancitajalisco\u00bb _builder_version=\u00bb4.19.1&#8243; background_enable_color=\u00bboff\u00bb global_colors_info=\u00bb{}\u00bb theme_builder_area=\u00bbpost_content\u00bb follow_button=\u00bboff\u00bb url_new_window=\u00bbon\u00bb]facebook[\/et_pb_social_media_follow_network][et_pb_social_media_follow_network social_network=\u00bbgoogle\u00bb url=\u00bbhttps:\/\/goo.gl\/maps\/toSLfy14ETmJNHnS8&#8243; _builder_version=\u00bb4.19.1&#8243; background_color=\u00bb#4285f4&#8243; background_enable_color=\u00bboff\u00bb global_colors_info=\u00bb{}\u00bb theme_builder_area=\u00bbpost_content\u00bb follow_button=\u00bboff\u00bb url_new_window=\u00bbon\u00bb]google[\/et_pb_social_media_follow_network][et_pb_social_media_follow_network social_network=\u00bbinstagram\u00bb url=\u00bbhttps:\/\/www.instagram.com\/pancitajalisco\/?hl=es-la\u00bb _builder_version=\u00bb4.19.1&#8243; _module_preset=\u00bbdefault\u00bb background_color=\u00bbrgba(0,0,0,0)\u00bb background_enable_color=\u00bbon\u00bb global_colors_info=\u00bb{}\u00bb theme_builder_area=\u00bbpost_content\u00bb follow_button=\u00bboff\u00bb url_new_window=\u00bbon\u00bb]instagram[\/et_pb_social_media_follow_network][\/et_pb_social_media_follow][\/et_pb_column_inner][\/et_pb_row_inner][\/et_pb_column][\/et_pb_section]<\/p>\n","protected":false},"excerpt":{"rendered":"<p>DESDE 1996Nace \u00a8Menuder\u00eda Jalisco\u00a8 ofreciendo un delicioso saz\u00f3n en su menudo siendo nuestro platillo principal. Despu\u00e9s de 24 a\u00f1os el men\u00fa cuenta con una variedad de platillos y antojitos mexicanos. Destacamos por tener un gran saz\u00f3n, preparados todo al momento para llevarlos a tu mesa.\u00a0 Buscamos siempre brindarte la mejor experiencia en cada una de [&hellip;]<\/p>\n","protected":false},"author":1,"featured_media":0,"parent":0,"menu_order":0,"comment_status":"closed","ping_status":"closed","template":"","meta":{"_et_pb_use_builder":"on","_et_pb_old_content":"","_et_gb_content_width":"","footnotes":""},"class_list":["post-139","page","type-page","status-publish","hentry"],"_links":{"self":[{"href":"https:\/\/menuderiajalisco.com\/index.php\/wp-json\/wp\/v2\/pages\/139","targetHints":{"allow":["GET"]}}],"collection":[{"href":"https:\/\/menuderiajalisco.com\/index.php\/wp-json\/wp\/v2\/pages"}],"about":[{"href":"https:\/\/menuderiajalisco.com\/index.php\/wp-json\/wp\/v2\/types\/page"}],"author":[{"embeddable":true,"href":"https:\/\/menuderiajalisco.com\/index.php\/wp-json\/wp\/v2\/users\/1"}],"replies":[{"embeddable":true,"href":"https:\/\/menuderiajalisco.com\/index.php\/wp-json\/wp\/v2\/comments?post=139"}],"version-history":[{"count":17,"href":"https:\/\/menuderiajalisco.com\/index.php\/wp-json\/wp\/v2\/pages\/139\/revisions"}],"predecessor-version":[{"id":499,"href":"https:\/\/menuderiajalisco.com\/index.php\/wp-json\/wp\/v2\/pages\/139\/revisions\/499"}],"wp:attachment":[{"href":"https:\/\/menuderiajalisco.com\/index.php\/wp-json\/wp\/v2\/media?parent=139"}],"curies":[{"name":"wp","href":"https:\/\/api.w.org\/{rel}","templated":true}]}}